{"id":303,"date":"2018-07-09T16:25:50","date_gmt":"2018-07-09T14:25:50","guid":{"rendered":"https:\/\/www.vinzenzgemeinschaft.it\/?page_id=303"},"modified":"2024-01-12T08:08:49","modified_gmt":"2024-01-12T07:08:49","slug":"unser-netzwerk-die-bezirke-mit-dern-konferenzen","status":"publish","type":"page","link":"https:\/\/www.vinzenzgemeinschaft.it\/de\/unser-netzwerk-die-bezirke-mit-dern-konferenzen\/","title":{"rendered":"Unser Netzwerk  &#8211;  die  Bezirke mit den Vinzenzkonferenzen"},"content":{"rendered":"<p>[et_pb_section bb_built=&#8220;1&#8243; admin_label=&#8220;Header Unterseiten mit Hintergrund&#8220; _builder_version=&#8220;3.9&#8243; background_color=&#8220;#0087e1&#8243; background_image=&#8220;https:\/\/www.vinzenzgemeinschaft.it\/wp-content\/uploads\/2018\/07\/alvin-mahmudov-619847-unsplash.jpg&#8220; background_blend=&#8220;multiply&#8220; custom_padding=&#8220;|||&#8220; animation_style=&#8220;zoom&#8220; animation_intensity_zoom=&#8220;4%&#8220; next_background_color=&#8220;#ffffff&#8220;][et_pb_row custom_padding=&#8220;|||&#8220; bg_img_2=&#8220;http:\/\/localhost:8888\/divi\/wp-content\/uploads\/2018\/02\/business-13.jpg&#8220; parallax_2=&#8220;on&#8220; _builder_version=&#8220;3.9&#8243; background_size=&#8220;initial&#8220; background_position=&#8220;top_left&#8220; background_repeat=&#8220;repeat&#8220; background_blend=&#8220;multiply&#8220; animation_style=&#8220;slide&#8220; animation_direction=&#8220;top&#8220; animation_intensity_slide=&#8220;3%&#8220;][et_pb_column type=&#8220;4_4&#8243;][et_pb_text admin_label=&#8220;Vinzenzgemeinschaft&#8220; _builder_version=&#8220;3.9&#8243; text_font=&#8220;Montserrat|500||on|||||&#8220; text_text_color=&#8220;#ffffff&#8220; text_font_size=&#8220;16px&#8220; text_font_size_phone=&#8220;12px&#8220; text_font_size_last_edited=&#8220;on|phone&#8220; text_letter_spacing=&#8220;3px&#8220; background_size=&#8220;initial&#8220; background_position=&#8220;top_left&#8220; background_repeat=&#8220;repeat&#8220; custom_margin=&#8220;||45px|&#8220; custom_margin_tablet=&#8220;||30px|&#8220; custom_margin_phone=&#8220;||20px|&#8220; custom_margin_last_edited=&#8220;on|phone&#8220; animation_style=&#8220;slide&#8220; animation_direction=&#8220;bottom&#8220; locked=&#8220;off&#8220;]<\/p>\n<p>Vinzenzgemeinschaft<\/p>\n<p>[\/et_pb_text][et_pb_post_title meta=&#8220;off&#8220; featured_image=&#8220;off&#8220; text_color=&#8220;light&#8220; _builder_version=&#8220;3.9&#8243; title_font=&#8220;Montserrat|700||on|||||&#8220; title_font_size=&#8220;60&#8243; title_font_size_tablet=&#8220;40&#8243; title_font_size_phone=&#8220;20&#8243; title_font_size_last_edited=&#8220;on|phone&#8220; \/][\/et_pb_column][\/et_pb_row][\/et_pb_section][et_pb_section bb_built=&#8220;1&#8243; admin_label=&#8220;Text Modul mit \u00dcberschriften&#8220; custom_padding_last_edited=&#8220;off|desktop&#8220; _builder_version=&#8220;3.9&#8243; custom_padding_tablet=&#8220;40px||60px|&#8220; custom_padding_phone=&#8220;30px||60px|&#8220; custom_padding=&#8220;50px|0px|0|0px|false|false&#8220; prev_background_color=&#8220;#0087e1&#8243; next_background_color=&#8220;#000000&#8243;][et_pb_row admin_label=&#8220;Service Section Title&#8220; custom_margin=&#8220;||40px|&#8220; _builder_version=&#8220;3.17.6&#8243; background_size=&#8220;initial&#8220; background_position=&#8220;top_left&#8220; background_repeat=&#8220;repeat&#8220; animation_style=&#8220;fade&#8220; animation_direction=&#8220;top&#8220; saved_tabs=&#8220;all&#8220; custom_padding=&#8220;0|0px|0|0px|false|false&#8220;][et_pb_column type=&#8220;4_4&#8243;][et_pb_text admin_label=&#8220;Was sind Konferenzen?&#8220; module_id=&#8220;wer-sind-wir&#8220; _builder_version=&#8220;3.17.6&#8243; text_font=&#8220;Montserrat||||||||&#8220; text_text_color=&#8220;#262b24&#8243; text_font_size=&#8220;16px&#8220; text_line_height=&#8220;1.9em&#8220; header_2_font=&#8220;Montserrat|700||on|||||&#8220; header_2_text_color=&#8220;#262b24&#8243; header_2_font_size=&#8220;40px&#8220; header_2_font_size_tablet=&#8220;35px&#8220; header_2_font_size_phone=&#8220;18px&#8220; header_2_font_size_last_edited=&#8220;on|desktop&#8220; header_2_line_height=&#8220;1.3em&#8220; background_size=&#8220;initial&#8220; background_position=&#8220;top_left&#8220; background_repeat=&#8220;repeat&#8220; text_orientation=&#8220;center&#8220; max_width=&#8220;700px&#8220; module_alignment=&#8220;center&#8220; custom_margin=&#8220;||30px|&#8220; custom_margin_tablet=&#8220;||15px|&#8220; custom_margin_phone=&#8220;||5px|&#8220; custom_margin_last_edited=&#8220;on|tablet&#8220; custom_padding_tablet=&#8220;||15px|&#8220; custom_padding_last_edited=&#8220;off|phone&#8220; animation_style=&#8220;slide&#8220; animation_direction=&#8220;bottom&#8220; animation_intensity_slide=&#8220;4%&#8220;]<\/p>\n<h2>Was sind Konferenzen?<\/h2>\n<p>[\/et_pb_text][et_pb_text admin_label=&#8220;Die Vinzenzgemeinschaft in S\u00fcdtirol&#8220; _builder_version=&#8220;3.17.6&#8243; text_font=&#8220;Montserrat||||&#8220; text_text_color=&#8220;#262b24&#8243; text_font_size=&#8220;16px&#8220; text_line_height=&#8220;1.8em&#8220; header_text_color=&#8220;#262b24&#8243; header_2_text_color=&#8220;#262b24&#8243; header_3_text_color=&#8220;#262b24&#8243; background_size=&#8220;initial&#8220; background_position=&#8220;top_left&#8220; background_repeat=&#8220;repeat&#8220; text_orientation=&#8220;center&#8220; max_width=&#8220;700px&#8220; module_alignment=&#8220;center&#8220; custom_margin=&#8220;||30px|&#8220; custom_margin_tablet=&#8220;||15px|&#8220; custom_margin_phone=&#8220;||5px|&#8220; custom_margin_last_edited=&#8220;on|desktop&#8220; animation_style=&#8220;slide&#8220; animation_direction=&#8220;bottom&#8220; animation_delay=&#8220;100ms&#8220; animation_intensity_slide=&#8220;4%&#8220;]<\/p>\n<h3>Die Vinzenzgemeinschaft in S\u00fcdtirol<\/h3>\n<p>[\/et_pb_text][et_pb_text _builder_version=&#8220;3.17.6&#8243; text_font=&#8220;Montserrat||||&#8220; text_text_color=&#8220;#6c6c6c&#8220; text_font_size=&#8220;16px&#8220; text_line_height=&#8220;1.8em&#8220; background_size=&#8220;initial&#8220; background_position=&#8220;top_left&#8220; background_repeat=&#8220;repeat&#8220; text_orientation=&#8220;center&#8220; max_width=&#8220;900px&#8220; max_width_last_edited=&#8220;on|&#8220; module_alignment=&#8220;center&#8220; custom_margin=&#8220;|||&#8220; animation_style=&#8220;slide&#8220; animation_direction=&#8220;bottom&#8220; animation_delay=&#8220;100ms&#8220; animation_intensity_slide=&#8220;4%&#8220;]<\/p>\n<p>Die Vinzenzgemeinschaften helfen ehrenamtlich, selbst\u00e4ndig und unabh\u00e4ngig voneinander. In S\u00fcdtirol besteht die Vinzenzgemeinschaft aus den einzelnen Helfergruppen vor Ort, den Vinzenzkonferenzen. In ihnen kommen die Helfer zusammen, besprechen die Betreuungsf\u00e4lle und verteilen die Aufgaben. Verschwiegenheit gilt dabei als oberstes Gebot.<\/p>\n<p>Die Vinzenzkonferenzen sind im ganzen Land t\u00e4tig und bilden die Basis der Vinzenzgemeinschaft. Sie stehen unter dem gemeinsamen Dach von Bezirken und Zentralrat, die organisatorische Hilfe und Beratung bieten. Die S\u00fcdtiroler Vinzenzgemeinschaft ist dem internationalen Generalrat mit Sitz in Paris angeschlossen.<\/p>\n<p>[\/et_pb_text][\/et_pb_column][\/et_pb_row][\/et_pb_section][et_pb_section bb_built=&#8220;1&#8243; admin_label=&#8220;Map Section&#8220; fullwidth=&#8220;on&#8220; _builder_version=&#8220;3.0.78&#8243; prev_background_color=&#8220;#000000&#8243; next_background_color=&#8220;#000000&#8243;][et_pb_fullwidth_map address=&#8220;Kapuzinergasse, 11, 39100 Bozen, Italien&#8220; address_lat=&#8220;46.67440533364577&#8243; address_lng=&#8220;11.531143732031296&#8243; use_grayscale_filter=&#8220;on&#8220; _builder_version=&#8220;3.9&#8243; child_filter_saturate=&#8220;30%&#8220; zoom_level=&#8220;9&#8243;][et_pb_map_pin pin_address=&#8220;Kapuzinergasse, 11, 39100 Bozen, Italien&#8220; pin_address_lat=&#8220;46.4963006&#8243; pin_address_lng=&#8220;11.352615900000046&#8243; _builder_version=&#8220;3.9&#8243; zoom_level=&#8220;18&#8243; title=&#8220;Hauptsitz&#8220;]<\/p>\n<p>balbala <a href=\"https:\/\/www.vinzenzgemeinschaft.it\/de\/unser-netzwerk\/#reihe1\">Hauptsitz<\/a><\/p>\n<p>[\/et_pb_map_pin][et_pb_map_pin pin_address=&#8220;Giosu\u00e8-Carducci-Stra\u00dfe, 6, 39100 Bozen, Italien&#8220; pin_address_lat=&#8220;46.4964963219132&#8243; pin_address_lng=&#8220;11.35026092048497&#8243; _builder_version=&#8220;3.9&#8243; zoom_level=&#8220;18&#8243; title=&#8220;Hauptsitz&#8220; \/][et_pb_map_pin pin_address=&#8220;Eisackstra\u00dfe, 7, 39100 Bozen, Italien&#8220; pin_address_lat=&#8220;46.49636707167216&#8243; pin_address_lng=&#8220;11.354171581228684&#8243; _builder_version=&#8220;3.9&#8243; zoom_level=&#8220;18&#8243; title=&#8220;Hauptsitz&#8220; \/][et_pb_map_pin pin_address=&#8220;Unnamed Road, 39021 Laces BZ, Italien&#8220; pin_address_lat=&#8220;46.628492112350415&#8243; pin_address_lng=&#8220;10.830765314062546&#8243; _builder_version=&#8220;3.9&#8243; zoom_level=&#8220;18&#8243; title=&#8220;Hauptsitz&#8220; \/][et_pb_map_pin pin_address=&#8220;SP12, 10, 39031 Brunico BZ, Italien&#8220; pin_address_lat=&#8220;46.77192524613289&#8243; pin_address_lng=&#8220;11.93105036731572&#8243; _builder_version=&#8220;3.9&#8243; zoom_level=&#8220;18&#8243; title=&#8220;Hauptsitz&#8220; \/][et_pb_map_pin pin_address=&#8220;Str. Rina, 2, 39030 Marebbe BZ, Italien&#8220; pin_address_lat=&#8220;46.71734439314287&#8243; pin_address_lng=&#8220;11.885045118292282&#8243; _builder_version=&#8220;3.9&#8243; zoom_level=&#8220;18&#8243; title=&#8220;Hauptsitz&#8220; \/][\/et_pb_fullwidth_map][\/et_pb_section][et_pb_section bb_built=&#8220;1&#8243; fullwidth=&#8220;off&#8220; specialty=&#8220;off&#8220; prev_background_color=&#8220;#000000&#8243; _builder_version=&#8220;3.17.6&#8243;][et_pb_row _builder_version=&#8220;3.17.6&#8243; module_id=&#8220;reihe1&#8243;][et_pb_column type=&#8220;1_2&#8243;][et_pb_toggle admin_label=&#8220;Bozen Stadt&#8220; _builder_version=&#8220;3.17.6&#8243; title=&#8220;Bozen Stadt&#8220;]<\/p>\n<p><strong>Bezirksvorsitzender:<\/strong> Georg Oberrauch &#8211; 39100 Bozen<\/p>\n<p><strong>Unsere liebe Frau vom Moos<\/strong><br \/>\nErich Gruber<br \/>\n39100 Bozen<br \/>\ngruber.erich@rolmail.net<\/p>\n<p><strong>Zum Heiligen Antonius<\/strong><br \/>\nAndreas Weihrauch Pauli von Treuheim<br \/>\n39100 Bozen<br \/>\nandreas.dipauli@gmail.com<\/p>\n<p><strong>Zum Heiligen Jakobus<\/strong><br \/>\nA<br \/>\n39050 St. Jakob-Leifers<\/p>\n<p><strong>Zum Heiligen Josef &#8211; Gries<\/strong><br \/>\nGottfried Demetz<br \/>\n39100 Bozen<br \/>\ngretidemetz@yahoo.it<\/p>\n<p><strong>Zum Heiligen Laurentius &#8211; Rentsch<\/strong><br \/>\nPaul Gro\u00dfgasteiger<br \/>\n39100 Rentsch &#8211; Bozen<br \/>\n3395231866<\/p>\n<p><strong>Zum Heiligen Martin<\/strong><br \/>\nHermann Zagler<br \/>\n39100 Bozen<br \/>\n335 5937566<br \/>\nh.zagler@gmail.com<\/p>\n<p><strong>Zum Heiligen Ulrich &#8211; Ritten<\/strong><br \/>\nDorothea von Sternbach &#8211; Egger<br \/>\n39054 Klobenstein<br \/>\ndorothea@sternbach.it<\/p>\n<p><strong>Zum Seligen Bernardin v. Feltre<\/strong><br \/>\nThomas Tschager<br \/>\n39100 Bozen<br \/>\nthomas@tschager.net<\/p>\n<p><strong>Zum Seligen Heinrich von Bozen<\/strong><br \/>\nDr. Josef Andreas Haspinger<br \/>\n39100 Bozen<br \/>\nhaspinger.josef@gmail.com<\/p>\n<p><strong>Zum Seligen Johann Nepomuk von Tschiderer<\/strong><br \/>\nAlois Obkircher<br \/>\n39100 Bozen<br \/>\n3284162146<\/p>\n<p><strong>Zum Seligen Josef-Mayr-Nusser<\/strong><br \/>\nRenato Bertuzzo<br \/>\n39100 Bozen<br \/>\n3466039243<\/p>\n<p><strong>Zur Maria in der Au &#8211; Don Bosco<\/strong><br \/>\nSonia Frenademez<br \/>\n39100 Bozen<br \/>\n3884882870<\/p>\n<p><strong>Zur Heiligen Lucia von Syrakus<\/strong><br \/>\nChristine Sartori<br \/>\n39100 Bozen<br \/>\nchristine@sartori.bz<\/p>\n<p><strong>Zur Heiligen Elisabeth<\/strong><br \/>\nAnna Gamper<br \/>\n39010 Andrian<br \/>\n0471 510116<\/p>\n<p><strong>Zur Heiligen Notburga<\/strong><br \/>\nElisabeth Ondertoller<br \/>\n39100 Bozen<br \/>\nondertollerelisabeth@gmail.com<\/p>\n<p><strong>Zur Hl. Mutter Teresa &#8211; Vinzibus<\/strong><br \/>\nPaul Tschigg<br \/>\n39050 Jenesien<br \/>\nPaul.Tschigg@brennercom.net<\/p>\n<p><strong>Vinzibuddy<br \/>\n<\/strong>Laurin Pobitzer<br \/>\n39100 Bozen<br \/>\nlaurinpobitzer@gmail.com<strong><br \/>\n<\/strong><\/p>\n<p>[\/et_pb_toggle][et_pb_toggle admin_label=&#8220;Burggrafenamt&#8220; _builder_version=&#8220;3.17.6&#8243; title=&#8220;Burggrafenamt&#8220;]<\/p>\n<p><strong>Bezirksvorsitzender:<\/strong> Norbert Pur &#8211; 39012 Meran<\/p>\n<p><strong>LANA<\/strong><br \/>\nMatthias Gruber<br \/>\n39010 St. Pankraz<br \/>\n3291398787<\/p>\n<p><strong>MERAN Maria Himmelfahrt<\/strong><br \/>\nHans Ungericht<br \/>\n39012 Meran<br \/>\n338 1821466<\/p>\n<p><strong>MERAN Konferenz zum Heiligen Antonius<\/strong><br \/>\nChristine G\u00f6gle<br \/>\n39012 Meran<br \/>\n340 7845072<\/p>\n<p><strong>MERAN zum Heiligen Georg (Obermais)<\/strong><br \/>\nFranz G\u00f6gele<br \/>\n39012 Meran<br \/>\nfamilie.goegele@hotmail.com<\/p>\n<p><strong>MERAN zum Heiligen Nikolaus<\/strong><br \/>\nGeorg H\u00f6rwarther<br \/>\n39012 Meran<br \/>\n0473 445233<\/p>\n<p><strong>MERAN zum Heiligen Vigilius (Untermais)<\/strong><br \/>\nNorbert Pur<br \/>\n39012 Meran<br \/>\n338 8775009<br \/>\nnorberse@gmail.com<\/p>\n<p><strong>ST. FELIX<\/strong><br \/>\nMaria Kollmann<br \/>\n39010 Unsere Liebe Frau im Walde-St. Felix<br \/>\n347 1682070<\/p>\n<p><strong>ST. LEONHARD Passeier<\/strong><br \/>\nJohann Eschgf\u00e4ller<br \/>\n39015 St. Leonhard<br \/>\n0473 656308<\/p>\n<p><strong>ULTEN<\/strong><br \/>\nMaria Breitenberger &#8211; L\u00f6sch<br \/>\n39010 Ulten<br \/>\n0473 790129<\/p>\n<p>[\/et_pb_toggle][et_pb_toggle admin_label=&#8220;Pustertal&#8220; _builder_version=&#8220;3.17.6&#8243; title=&#8220;Pustertal&#8220;]<\/p>\n<p><strong>Bezirksvorsitzender:<\/strong> Luis Pichler &#8211; 39031 Bruneck<\/p>\n<p><strong>BRUNECK<\/strong><br \/>\nLuis Pichler<br \/>\n39031 Bruneck<br \/>\n3405269330<\/p>\n<p><strong>INNICHEN<\/strong><br \/>\nHannes Zacher<br \/>\n39038 Innichen<br \/>\n3402419454<\/p>\n<p><strong>KIENS<\/strong><br \/>\nWaltraud Huber<br \/>\n39030 Kiens<br \/>\n0474 565293<\/p>\n<p><strong>OLANG (Mitterolang)<\/strong><br \/>\nKarl Friedrich Stader<br \/>\n39030 Olang<br \/>\n0474 592522<\/p>\n<p><strong> SAND IN TAUFERS<\/strong><br \/>\nMaria Steinhauser<br \/>\n39032 Sand in Taufers<br \/>\n340 5845256<\/p>\n<p><strong> ST. JOHANN AHRNTAL<\/strong><br \/>\nHilde Craffonara<br \/>\n39030 Luttach<br \/>\nhilde.craffonara@gmail.com<\/p>\n<p><strong> ST. VIGIL-ENNEBERG<\/strong><br \/>\nZingerle Angela<br \/>\n39030 St. Vigil &#8211; Enneberg<br \/>\nangelazingerle@gmail.com<\/p>\n<p><strong>TOBLACH<\/strong><br \/>\nKarl Patzleiner<br \/>\n39034 Toblach<br \/>\n0474 972854<\/p>\n<p>[\/et_pb_toggle][\/et_pb_column][et_pb_column type=&#8220;1_2&#8243;][et_pb_toggle admin_label=&#8220;Bozen Land&#8220; _builder_version=&#8220;3.17.6&#8243; title=&#8220;Bozen Land&#8220;]<\/p>\n<p><strong>Bezirksvorsitzender:<\/strong> Dr. Engelbert Schaller &#8211; 39040 Auer<\/p>\n<p><strong>AUER<\/strong><br \/>\nRedolf Hilde<br \/>\n39040 Auer<br \/>\n338 9834497<\/p>\n<p><strong>DEUTSCHNOFEN<\/strong><br \/>\nHubert Zelger<br \/>\n39050 Deutschnofen<br \/>\nhubert.zelger@rolmail.net<\/p>\n<p><strong>EPPAN<\/strong><br \/>\nRita W\u00f6th<br \/>\n39050 Girlan<br \/>\n0471 663448<\/p>\n<p><strong>KARNEID<\/strong><br \/>\nJosef Vieider<br \/>\n39053 Steinegg<br \/>\n335 6982997<\/p>\n<p><strong>KASTELRUTH<\/strong><br \/>\nIsidor Tirler<br \/>\n39040 Kastelruth<br \/>\n0471 706199<\/p>\n<p><strong>LEIFERS<\/strong><br \/>\nPaula Pfeifer<br \/>\n39055 Leifers<br \/>\npaulapfeifer3@gmail.com<\/p>\n<p><strong>MARGREID<\/strong><br \/>\nMarkus Anrather<br \/>\n39040 Margreid<br \/>\n339 8804702<\/p>\n<p><strong>MONTAN<\/strong><br \/>\nFranz Pernter<br \/>\n39040 Montan<br \/>\n0471 819872<\/p>\n<p><strong>TRAMIN<\/strong><br \/>\nJosef Kofler<br \/>\n39040 Tramin<br \/>\n0471 860765<\/p>\n<p>[\/et_pb_toggle][et_pb_toggle admin_label=&#8220;Eisacktal&#8220; _builder_version=&#8220;3.17.6&#8243; title=&#8220;Eisacktal&#8220;]<\/p>\n<p><strong>Bezirksvorsitzender:<\/strong> Josef Jobstraibizer &#8211; 39043\u00a0 Klausen<\/p>\n<p><strong>BRIXEN<\/strong><br \/>\nRichard Peer<br \/>\n39042 Brixen<br \/>\n366 5313311<br \/>\nvinzenzkonferenz_brixen@hotmail.com<\/p>\n<p><strong>KLAUSEN<\/strong><br \/>\nJosef Jobstaibizer<br \/>\n39043 Klausen<br \/>\njosefjobs@alice.it<\/p>\n<p><strong><span class=\"field-content\">MILLAND-BRIXEN<br \/>\n<\/span><\/strong>Kurt Z\u00f6ll<br \/>\n<span class=\"field-content\">39042 Milland &#8211; Brixen<\/span><\/p>\n<p><strong>M\u00dcHLBACH<\/strong><br \/>\nMargareth Rastner<br \/>\n39037 M\u00fchlbach<br \/>\n0472 849748<\/p>\n<p><strong>ST. ULRICH<\/strong><br \/>\nEdwin Demetz<br \/>\n39046 St. Ulrich<br \/>\n333 6460415<\/p>\n<p><strong>STERZING<br \/>\n<\/strong>Annelore Reinalter<br \/>\n39049 Sterzing<br \/>\n0472 765418<\/p>\n<p>[\/et_pb_toggle][et_pb_toggle admin_label=&#8220;Vinschgau&#8220; _builder_version=&#8220;3.17.6&#8243; title=&#8220;Vinschgau&#8220;]<\/p>\n<p><strong>Bezirksvorsitzender:<\/strong> Regina Marth Gardetto &#8211; 39020 Martell<\/p>\n<p><strong>BURGEIS-MALS<\/strong><br \/>\nKarl Moriggl<br \/>\n39024 Burgeis &#8211; Mals<br \/>\nmo.mo@gmx.com<\/p>\n<p><strong>GRAUN im Vinschgau<\/strong><br \/>\nAlfons Walln\u00f6fer<br \/>\n39027 Reschen<br \/>\n0473 633 123<\/p>\n<p><strong>LATSCH<\/strong><br \/>\nJung Marsoner Margit<br \/>\n39021 Latsch<br \/>\n333 7154602<\/p>\n<p><strong>MALS<\/strong><br \/>\nMartin Angerer<br \/>\n39024 Mals<br \/>\n0473 831271<\/p>\n<p><strong><span class=\"field-content\">MARTELL<br \/>\n<\/span><\/strong>Regina Marth Gardetto<br \/>\n<span class=\"field-content\">39020 Martell<br \/>\n<\/span>335 5856952<\/p>\n<p><strong>SCHLANDERS<\/strong><br \/>\nHerbert Habicher<br \/>\n39028 Schlanders<br \/>\n0473 731080<\/p>\n<p>[\/et_pb_toggle][\/et_pb_column][\/et_pb_row][\/et_pb_section]<\/p>\n","protected":false},"excerpt":{"rendered":"<p>[et_pb_section bb_built=&#8220;1&#8243; admin_label=&#8220;Header Unterseiten mit Hintergrund&#8220; _builder_version=&#8220;3.9&#8243; background_color=&#8220;#0087e1&#8243; background_image=&#8220;https:\/\/www.vinzenzgemeinschaft.it\/wp-content\/uploads\/2018\/07\/alvin-mahmudov-619847-unsplash.jpg&#8220; background_blend=&#8220;multiply&#8220; custom_padding=&#8220;|||&#8220; animation_style=&#8220;zoom&#8220; animation_intensity_zoom=&#8220;4%&#8220; next_background_color=&#8220;#ffffff&#8220;][et_pb_row custom_padding=&#8220;|||&#8220; bg_img_2=&#8220;http:\/\/localhost:8888\/divi\/wp-content\/uploads\/2018\/02\/business-13.jpg&#8220; parallax_2=&#8220;on&#8220; _builder_version=&#8220;3.9&#8243; background_size=&#8220;initial&#8220; background_position=&#8220;top_left&#8220; background_repeat=&#8220;repeat&#8220; background_blend=&#8220;multiply&#8220; animation_style=&#8220;slide&#8220; animation_direction=&#8220;top&#8220; animation_intensity_slide=&#8220;3%&#8220;][et_pb_column type=&#8220;4_4&#8243;][et_pb_text admin_label=&#8220;Vinzenzgemeinschaft&#8220; _builder_version=&#8220;3.9&#8243; text_font=&#8220;Montserrat|500||on|||||&#8220; text_text_color=&#8220;#ffffff&#8220; text_font_size=&#8220;16px&#8220; text_font_size_phone=&#8220;12px&#8220; text_font_size_last_edited=&#8220;on|phone&#8220; text_letter_spacing=&#8220;3px&#8220; background_size=&#8220;initial&#8220; background_position=&#8220;top_left&#8220; background_repeat=&#8220;repeat&#8220; custom_margin=&#8220;||45px|&#8220; custom_margin_tablet=&#8220;||30px|&#8220; custom_margin_phone=&#8220;||20px|&#8220; custom_margin_last_edited=&#8220;on|phone&#8220; animation_style=&#8220;slide&#8220; animation_direction=&#8220;bottom&#8220; locked=&#8220;off&#8220;] Vinzenzgemeinschaft [\/et_pb_text][et_pb_post_title meta=&#8220;off&#8220; featured_image=&#8220;off&#8220; text_color=&#8220;light&#8220; _builder_version=&#8220;3.9&#8243; title_font=&#8220;Montserrat|700||on|||||&#8220; title_font_size=&#8220;60&#8243; title_font_size_tablet=&#8220;40&#8243; title_font_size_phone=&#8220;20&#8243; title_font_size_last_edited=&#8220;on|phone&#8220;&#8230;<\/p>\n","protected":false},"author":1,"featured_media":0,"parent":0,"menu_order":0,"comment_status":"closed","ping_status":"closed","template":"page-sections.php","meta":{"_acf_changed":false,"footnotes":""},"acf":[],"_links":{"self":[{"href":"https:\/\/www.vinzenzgemeinschaft.it\/de\/wp-json\/wp\/v2\/pages\/303"}],"collection":[{"href":"https:\/\/www.vinzenzgemeinschaft.it\/de\/wp-json\/wp\/v2\/pages"}],"about":[{"href":"https:\/\/www.vinzenzgemeinschaft.it\/de\/wp-json\/wp\/v2\/types\/page"}],"author":[{"embeddable":true,"href":"https:\/\/www.vinzenzgemeinschaft.it\/de\/wp-json\/wp\/v2\/users\/1"}],"replies":[{"embeddable":true,"href":"https:\/\/www.vinzenzgemeinschaft.it\/de\/wp-json\/wp\/v2\/comments?post=303"}],"version-history":[{"count":60,"href":"https:\/\/www.vinzenzgemeinschaft.it\/de\/wp-json\/wp\/v2\/pages\/303\/revisions"}],"predecessor-version":[{"id":1426,"href":"https:\/\/www.vinzenzgemeinschaft.it\/de\/wp-json\/wp\/v2\/pages\/303\/revisions\/1426"}],"wp:attachment":[{"href":"https:\/\/www.vinzenzgemeinschaft.it\/de\/wp-json\/wp\/v2\/media?parent=303"}],"curies":[{"name":"wp","href":"https:\/\/api.w.org\/{rel}","templated":true}]}}