{"id":2120,"date":"2025-08-09T15:20:55","date_gmt":"2025-08-09T13:20:55","guid":{"rendered":"https:\/\/www.vinzenzgemeinschaft.it\/?page_id=2120"},"modified":"2025-09-18T11:27:23","modified_gmt":"2025-09-18T09:27:23","slug":"5-promille","status":"publish","type":"page","link":"https:\/\/www.vinzenzgemeinschaft.it\/de\/5-promille\/","title":{"rendered":"5 Promille"},"content":{"rendered":"<h2><img loading=\"lazy\" decoding=\"async\" class=\"aligncenter size-full wp-image-1808\" src=\"https:\/\/www.vinzenzgemeinschaft.it\/wp-content\/uploads\/2020\/06\/5promille-kopie-e1618068904396.png\" alt=\"\" width=\"224\" height=\"114\" \/><\/h2>\n<h3>Mit Ihrer Steuererkl\u00e4rung k\u00f6nnen Sie uns die 5 Promille, die f\u00fcr eine soziale Einrichtung\u00a0 vorgesehen sind, in unserem Falle der \u201eS\u00fcdtiroler Vinzenzgemeinschaft\u201c,\u00a0 zuerkennen, mit Angabe\u00a0 der <span style=\"color: #000080;\">Steuernummer\u00a0<\/span> <span style=\"color: #000080;\">94059970213.<\/span><\/h3>\n","protected":false},"excerpt":{"rendered":"<p>Mit Ihrer Steuererkl\u00e4rung k\u00f6nnen Sie uns die 5 Promille, die f\u00fcr eine soziale Einrichtung\u00a0 vorgesehen sind, in unserem Falle der \u201eS\u00fcdtiroler Vinzenzgemeinschaft\u201c,\u00a0 zuerkennen, mit Angabe\u00a0 der Steuernummer\u00a0 94059970213.<\/p>\n","protected":false},"author":1,"featured_media":0,"parent":0,"menu_order":0,"comment_status":"closed","ping_status":"closed","template":"","meta":{"_acf_changed":false,"footnotes":""},"acf":[],"_links":{"self":[{"href":"https:\/\/www.vinzenzgemeinschaft.it\/de\/wp-json\/wp\/v2\/pages\/2120"}],"collection":[{"href":"https:\/\/www.vinzenzgemeinschaft.it\/de\/wp-json\/wp\/v2\/pages"}],"about":[{"href":"https:\/\/www.vinzenzgemeinschaft.it\/de\/wp-json\/wp\/v2\/types\/page"}],"author":[{"embeddable":true,"href":"https:\/\/www.vinzenzgemeinschaft.it\/de\/wp-json\/wp\/v2\/users\/1"}],"replies":[{"embeddable":true,"href":"https:\/\/www.vinzenzgemeinschaft.it\/de\/wp-json\/wp\/v2\/comments?post=2120"}],"version-history":[{"count":41,"href":"https:\/\/www.vinzenzgemeinschaft.it\/de\/wp-json\/wp\/v2\/pages\/2120\/revisions"}],"predecessor-version":[{"id":3113,"href":"https:\/\/www.vinzenzgemeinschaft.it\/de\/wp-json\/wp\/v2\/pages\/2120\/revisions\/3113"}],"wp:attachment":[{"href":"https:\/\/www.vinzenzgemeinschaft.it\/de\/wp-json\/wp\/v2\/media?parent=2120"}],"curies":[{"name":"wp","href":"https:\/\/api.w.org\/{rel}","templated":true}]}}